{"id":230,"date":"2024-11-18T13:11:18","date_gmt":"2024-11-18T12:11:18","guid":{"rendered":"https:\/\/www.agbud-gladczak.pl\/index.php\/services\/"},"modified":"2025-02-18T20:46:00","modified_gmt":"2025-02-18T19:46:00","slug":"oferta","status":"publish","type":"page","link":"https:\/\/www.agbud-gladczak.pl\/?page_id=230","title":{"rendered":"OFERTA"},"content":{"rendered":"\t\t<div data-elementor-type=\"wp-page\" data-elementor-id=\"230\" class=\"elementor elementor-230\">\n\t\t\t\t<div class=\"elementor-element elementor-element-0f342aa e-flex e-con-boxed e-con e-parent\" data-id=\"0f342aa\" data-element_type=\"container\" data-e-type=\"container\" data-settings=\"{&quot;background_background&quot;:&quot;slideshow&quot;,&quot;background_slideshow_gallery&quot;:[{&quot;id&quot;:1473,&quot;url&quot;:&quot;https:\\\/\\\/www.agbud-gladczak.pl\\\/wp-content\\\/uploads\\\/2024\\\/11\\\/20240221_133741-scaled.jpg&quot;},{&quot;id&quot;:1318,&quot;url&quot;:&quot;https:\\\/\\\/www.agbud-gladczak.pl\\\/wp-content\\\/uploads\\\/2024\\\/11\\\/20240210_144531-scaled.jpg&quot;},{&quot;id&quot;:1316,&quot;url&quot;:&quot;https:\\\/\\\/www.agbud-gladczak.pl\\\/wp-content\\\/uploads\\\/2024\\\/11\\\/20240210_144040-scaled.jpg&quot;},{&quot;id&quot;:1502,&quot;url&quot;:&quot;https:\\\/\\\/www.agbud-gladczak.pl\\\/wp-content\\\/uploads\\\/2024\\\/11\\\/DJI_0418-1-1-scaled.jpg&quot;}],&quot;background_slideshow_slide_duration&quot;:4000,&quot;background_slideshow_ken_burns&quot;:&quot;yes&quot;,&quot;background_slideshow_loop&quot;:&quot;yes&quot;,&quot;background_slideshow_slide_transition&quot;:&quot;fade&quot;,&quot;background_slideshow_transition_duration&quot;:500,&quot;background_slideshow_ken_burns_zoom_direction&quot;:&quot;in&quot;}\">\n\t\t\t\t\t<div class=\"e-con-inner\">\n\t\t<div class=\"elementor-element elementor-element-c57c532 e-con-full e-flex e-con e-child\" data-id=\"c57c532\" data-element_type=\"container\" data-e-type=\"container\">\n\t\t\t\t<div class=\"elementor-element elementor-element-4e69a50 elementor-widget elementor-widget-heading\" data-id=\"4e69a50\" data-element_type=\"widget\" data-e-type=\"widget\" data-widget_type=\"heading.default\">\n\t\t\t\t<div class=\"elementor-widget-container\">\n\t\t\t\t\t<h1 class=\"elementor-heading-title elementor-size-default\">Oferta<\/h1>\t\t\t\t<\/div>\n\t\t\t\t<\/div>\n\t\t\t\t<\/div>\n\t\t\t\t\t<\/div>\n\t\t\t\t<\/div>\n\t\t<div class=\"elementor-element elementor-element-52f71e7 e-grid e-con-boxed e-con e-parent\" data-id=\"52f71e7\" data-element_type=\"container\" data-e-type=\"container\">\n\t\t\t\t\t<div class=\"e-con-inner\">\n\t\t\t\t<div class=\"elementor-element elementor-element-1905816 elementor-position-top elementor-widget elementor-widget-image-box\" data-id=\"1905816\" data-element_type=\"widget\" data-e-type=\"widget\" data-widget_type=\"image-box.default\">\n\t\t\t\t<div class=\"elementor-widget-container\">\n\t\t\t\t\t<div class=\"elementor-image-box-wrapper\"><figure class=\"elementor-image-box-img\"><img fetchpriority=\"high\" decoding=\"async\" width=\"305\" height=\"350\" src=\"https:\/\/www.agbud-gladczak.pl\/wp-content\/uploads\/2024\/11\/1.png\" class=\"elementor-animation-shrink attachment-full size-full wp-image-1748\" alt=\"\" srcset=\"https:\/\/www.agbud-gladczak.pl\/wp-content\/uploads\/2024\/11\/1.png 305w, https:\/\/www.agbud-gladczak.pl\/wp-content\/uploads\/2024\/11\/1-261x300.png 261w\" sizes=\"(max-width: 305px) 100vw, 305px\" \/><\/figure><div class=\"elementor-image-box-content\"><h3 class=\"elementor-image-box-title\">Kostka brukowa<\/h3><p class=\"elementor-image-box-description\">Trwa\u0142e i estetyczne rozwi\u0105zanie dla Twojej posesji. Oferujemy r\u00f3\u017cnorodne wzory i kolory, kt\u00f3re pozwol\u0105 Ci stworzy\u0107 unikalne aran\u017cacje ogrodowe, podjazdy i chodniki. Postaw na jako\u015b\u0107 i funkcjonalno\u015b\u0107<\/p><\/div><\/div>\t\t\t\t<\/div>\n\t\t\t\t<\/div>\n\t\t\t\t<div class=\"elementor-element elementor-element-983b502 elementor-position-top elementor-widget elementor-widget-image-box\" data-id=\"983b502\" data-element_type=\"widget\" data-e-type=\"widget\" data-widget_type=\"image-box.default\">\n\t\t\t\t<div class=\"elementor-widget-container\">\n\t\t\t\t\t<div class=\"elementor-image-box-wrapper\"><figure class=\"elementor-image-box-img\"><img decoding=\"async\" width=\"305\" height=\"350\" src=\"https:\/\/www.agbud-gladczak.pl\/wp-content\/uploads\/2024\/11\/2.png\" class=\"elementor-animation-shrink attachment-full size-full wp-image-1749\" alt=\"\" srcset=\"https:\/\/www.agbud-gladczak.pl\/wp-content\/uploads\/2024\/11\/2.png 305w, https:\/\/www.agbud-gladczak.pl\/wp-content\/uploads\/2024\/11\/2-261x300.png 261w\" sizes=\"(max-width: 305px) 100vw, 305px\" \/><\/figure><div class=\"elementor-image-box-content\"><h3 class=\"elementor-image-box-title\">Obrze\u017ca, palisady, \u015bciany<\/h3><p class=\"elementor-image-box-description\">Solidne elementy wyko\u0144czeniowe, kt\u00f3re dodadz\u0105 charakteru i trwa\u0142o\u015bci Twoim projektom. Idealne do ogrod\u00f3w, podjazd\u00f3w i taras\u00f3w, zapewniaj\u0105 estetyk\u0119 oraz funkcjonalno\u015b\u0107 na lata.<\/p><\/div><\/div>\t\t\t\t<\/div>\n\t\t\t\t<\/div>\n\t\t\t\t<div class=\"elementor-element elementor-element-ea679a6 elementor-position-top elementor-widget elementor-widget-image-box\" data-id=\"ea679a6\" data-element_type=\"widget\" data-e-type=\"widget\" data-widget_type=\"image-box.default\">\n\t\t\t\t<div class=\"elementor-widget-container\">\n\t\t\t\t\t<div class=\"elementor-image-box-wrapper\"><figure class=\"elementor-image-box-img\"><img decoding=\"async\" width=\"305\" height=\"350\" src=\"https:\/\/www.agbud-gladczak.pl\/wp-content\/uploads\/2024\/11\/3.png\" class=\"elementor-animation-shrink attachment-full size-full wp-image-1750\" alt=\"\" srcset=\"https:\/\/www.agbud-gladczak.pl\/wp-content\/uploads\/2024\/11\/3.png 305w, https:\/\/www.agbud-gladczak.pl\/wp-content\/uploads\/2024\/11\/3-261x300.png 261w\" sizes=\"(max-width: 305px) 100vw, 305px\" \/><\/figure><div class=\"elementor-image-box-content\"><h3 class=\"elementor-image-box-title\">Ogrodzenia<\/h3><p class=\"elementor-image-box-description\">Eleganckie i trwa\u0142e rozwi\u0105zania dla Twojej posesji. Zapewniaj\u0105 bezpiecze\u0144stwo, prywatno\u015b\u0107 i estetyczny wygl\u0105d, doskonale komponuj\u0105c si\u0119 z otoczeniem.<\/p><\/div><\/div>\t\t\t\t<\/div>\n\t\t\t\t<\/div>\n\t\t\t\t<div class=\"elementor-element elementor-element-78154f0 elementor-position-top elementor-widget elementor-widget-image-box\" data-id=\"78154f0\" data-element_type=\"widget\" data-e-type=\"widget\" data-widget_type=\"image-box.default\">\n\t\t\t\t<div class=\"elementor-widget-container\">\n\t\t\t\t\t<div class=\"elementor-image-box-wrapper\"><figure class=\"elementor-image-box-img\"><img loading=\"lazy\" decoding=\"async\" width=\"305\" height=\"350\" src=\"https:\/\/www.agbud-gladczak.pl\/wp-content\/uploads\/2024\/11\/4.png\" class=\"elementor-animation-shrink attachment-full size-full wp-image-1751\" alt=\"\" srcset=\"https:\/\/www.agbud-gladczak.pl\/wp-content\/uploads\/2024\/11\/4.png 305w, https:\/\/www.agbud-gladczak.pl\/wp-content\/uploads\/2024\/11\/4-261x300.png 261w\" sizes=\"(max-width: 305px) 100vw, 305px\" \/><\/figure><div class=\"elementor-image-box-content\"><h3 class=\"elementor-image-box-title\">P\u0142yty Tarasowe- betonowe<\/h3><p class=\"elementor-image-box-description\">Nowoczesne i trwa\u0142e rozwi\u0105zanie do aran\u017cacji taras\u00f3w, alejek czy stref relaksu. R\u00f3\u017cnorodno\u015b\u0107 wzor\u00f3w i kolor\u00f3w pozwala na dopasowanie do ka\u017cdego stylu.<\/p><\/div><\/div>\t\t\t\t<\/div>\n\t\t\t\t<\/div>\n\t\t\t\t<div class=\"elementor-element elementor-element-8e10532 elementor-position-top elementor-widget elementor-widget-image-box\" data-id=\"8e10532\" data-element_type=\"widget\" data-e-type=\"widget\" data-widget_type=\"image-box.default\">\n\t\t\t\t<div class=\"elementor-widget-container\">\n\t\t\t\t\t<div class=\"elementor-image-box-wrapper\"><figure class=\"elementor-image-box-img\"><img loading=\"lazy\" decoding=\"async\" width=\"305\" height=\"350\" src=\"https:\/\/www.agbud-gladczak.pl\/wp-content\/uploads\/2025\/02\/Projekt-bez-nazwy-4.png\" class=\"elementor-animation-shrink attachment-full size-full wp-image-2136\" alt=\"\" srcset=\"https:\/\/www.agbud-gladczak.pl\/wp-content\/uploads\/2025\/02\/Projekt-bez-nazwy-4.png 305w, https:\/\/www.agbud-gladczak.pl\/wp-content\/uploads\/2025\/02\/Projekt-bez-nazwy-4-261x300.png 261w\" sizes=\"(max-width: 305px) 100vw, 305px\" \/><\/figure><div class=\"elementor-image-box-content\"><h3 class=\"elementor-image-box-title\">P\u0142yty Tarasowe- ceramiczne<\/h3><p class=\"elementor-image-box-description\">P\u0142yty tarasowe ceramiczne to nowoczesne i trwa\u0142e rozwi\u0105zanie do taras\u00f3w, alejek i stref relaksu. Dzi\u0119ki r\u00f3\u017cnorodno\u015bci wzor\u00f3w i kolor\u00f3w, \u0142atwo dopasowa\u0107 je do ka\u017cdego stylu.<\/p><\/div><\/div>\t\t\t\t<\/div>\n\t\t\t\t<\/div>\n\t\t\t\t<div class=\"elementor-element elementor-element-59ce15e elementor-position-top elementor-widget elementor-widget-image-box\" data-id=\"59ce15e\" data-element_type=\"widget\" data-e-type=\"widget\" data-widget_type=\"image-box.default\">\n\t\t\t\t<div class=\"elementor-widget-container\">\n\t\t\t\t\t<div class=\"elementor-image-box-wrapper\"><figure class=\"elementor-image-box-img\"><img loading=\"lazy\" decoding=\"async\" width=\"305\" height=\"350\" src=\"https:\/\/www.agbud-gladczak.pl\/wp-content\/uploads\/2024\/11\/5.png\" class=\"elementor-animation-shrink attachment-full size-full wp-image-1752\" alt=\"\" srcset=\"https:\/\/www.agbud-gladczak.pl\/wp-content\/uploads\/2024\/11\/5.png 305w, https:\/\/www.agbud-gladczak.pl\/wp-content\/uploads\/2024\/11\/5-261x300.png 261w\" sizes=\"(max-width: 305px) 100vw, 305px\" \/><\/figure><div class=\"elementor-image-box-content\"><h3 class=\"elementor-image-box-title\">Stopnie blokowe<\/h3><p class=\"elementor-image-box-description\">Solidne i estetyczne elementy do budowy schod\u00f3w zewn\u0119trznych. Trwa\u0142e i odporne na warunki atmosferyczne, idealnie komponuj\u0105 si\u0119 z kostk\u0105 brukow\u0105 i p\u0142ytami.<\/p><\/div><\/div>\t\t\t\t<\/div>\n\t\t\t\t<\/div>\n\t\t\t\t<div class=\"elementor-element elementor-element-042e565 elementor-position-top elementor-widget elementor-widget-image-box\" data-id=\"042e565\" data-element_type=\"widget\" data-e-type=\"widget\" data-widget_type=\"image-box.default\">\n\t\t\t\t<div class=\"elementor-widget-container\">\n\t\t\t\t\t<div class=\"elementor-image-box-wrapper\"><figure class=\"elementor-image-box-img\"><img loading=\"lazy\" decoding=\"async\" width=\"305\" height=\"350\" src=\"https:\/\/www.agbud-gladczak.pl\/wp-content\/uploads\/2024\/11\/6.png\" class=\"elementor-animation-shrink attachment-full size-full wp-image-1753\" alt=\"\" srcset=\"https:\/\/www.agbud-gladczak.pl\/wp-content\/uploads\/2024\/11\/6.png 305w, https:\/\/www.agbud-gladczak.pl\/wp-content\/uploads\/2024\/11\/6-261x300.png 261w\" sizes=\"(max-width: 305px) 100vw, 305px\" \/><\/figure><div class=\"elementor-image-box-content\"><h3 class=\"elementor-image-box-title\">Stopnie Podestowe- lewituj\u0105ce<\/h3><p class=\"elementor-image-box-description\">Nowoczesne i stylowe rozwi\u0105zanie do schod\u00f3w ogrodowych i tarasowych. Ich unikalny design dodaje lekko\u015bci i elegancji ka\u017cdej przestrzeni.<\/p><\/div><\/div>\t\t\t\t<\/div>\n\t\t\t\t<\/div>\n\t\t\t\t<div class=\"elementor-element elementor-element-282a801 elementor-position-top elementor-widget elementor-widget-image-box\" data-id=\"282a801\" data-element_type=\"widget\" data-e-type=\"widget\" data-widget_type=\"image-box.default\">\n\t\t\t\t<div class=\"elementor-widget-container\">\n\t\t\t\t\t<div class=\"elementor-image-box-wrapper\"><figure class=\"elementor-image-box-img\"><img loading=\"lazy\" decoding=\"async\" width=\"305\" height=\"350\" src=\"https:\/\/www.agbud-gladczak.pl\/wp-content\/uploads\/2024\/11\/6.png\" class=\"elementor-animation-shrink attachment-full size-full wp-image-1753\" alt=\"\" srcset=\"https:\/\/www.agbud-gladczak.pl\/wp-content\/uploads\/2024\/11\/6.png 305w, https:\/\/www.agbud-gladczak.pl\/wp-content\/uploads\/2024\/11\/6-261x300.png 261w\" sizes=\"(max-width: 305px) 100vw, 305px\" \/><\/figure><div class=\"elementor-image-box-content\"><h3 class=\"elementor-image-box-title\">P\u0142yty wielkoformatowe<\/h3><p class=\"elementor-image-box-description\">Postaw na nowoczesno\u015b\u0107 i minimalistyczny design z p\u0142ytami wielkoformatowymi. Idealne do taras\u00f3w, ogrod\u00f3w i przestrzeni u\u017cytkowych, \u0142\u0105cz\u0105 wyj\u0105tkow\u0105 estetyk\u0119 z trwa\u0142o\u015bci\u0105.<\/p><\/div><\/div>\t\t\t\t<\/div>\n\t\t\t\t<\/div>\n\t\t\t\t\t<\/div>\n\t\t\t\t<\/div>\n\t\t\t\t<\/div>\n\t\t","protected":false},"excerpt":{"rendered":"<p>Oferta Kostka brukowa Trwa\u0142e i estetyczne rozwi\u0105zanie dla Twojej posesji. Oferujemy r\u00f3\u017cnorodne wzory i kolory, kt\u00f3re pozwol\u0105 Ci stworzy\u0107 unikalne aran\u017cacje ogrodowe, podjazdy i chodniki. Postaw na jako\u015b\u0107 i funkcjonalno\u015b\u0107 Obrze\u017ca, palisady, \u015bciany Solidne elementy wyko\u0144czeniowe, kt\u00f3re dodadz\u0105 charakteru i trwa\u0142o\u015bci Twoim projektom. Idealne do ogrod\u00f3w, podjazd\u00f3w i taras\u00f3w, zapewniaj\u0105 estetyk\u0119 oraz funkcjonalno\u015b\u0107 na lata. [&hellip;]<\/p>\n","protected":false},"author":1,"featured_media":0,"parent":0,"menu_order":0,"comment_status":"closed","ping_status":"closed","template":"","meta":{"_uag_custom_page_level_css":"","site-sidebar-layout":"no-sidebar","site-content-layout":"page-builder","ast-site-content-layout":"default","site-content-style":"default","site-sidebar-style":"default","ast-global-header-display":"","ast-banner-title-visibility":"","ast-main-header-display":"","ast-hfb-above-header-display":"","ast-hfb-below-header-display":"","ast-hfb-mobile-header-display":"","site-post-title":"disabled","ast-breadcrumbs-content":"disabled","ast-featured-img":"disabled","footer-sml-layout":"","ast-disable-related-posts":"","theme-transparent-header-meta":"enabled","adv-header-id-meta":"","stick-header-meta":"","header-above-stick-meta":"","header-main-stick-meta":"","header-below-stick-meta":"","astra-migrate-meta-layouts":"default","ast-page-background-enabled":"default","ast-page-background-meta":{"desktop":{"background-color":"","background-image":"","background-repeat":"repeat","background-position":"center center","background-size":"auto","background-attachment":"scroll","background-type":"","background-media":"","overlay-type":"","overlay-color":"","overlay-opacity":"","overlay-gradient":""},"tablet":{"background-color":"","background-image":"","background-repeat":"repeat","background-position":"center center","background-size":"auto","background-attachment":"scroll","background-type":"","background-media":"","overlay-type":"","overlay-color":"","overlay-opacity":"","overlay-gradient":""},"mobile":{"background-color":"","background-image":"","background-repeat":"repeat","background-position":"center center","background-size":"auto","background-attachment":"scroll","background-type":"","background-media":"","overlay-type":"","overlay-color":"","overlay-opacity":"","overlay-gradient":""}},"ast-content-background-meta":{"desktop":{"background-color":"var(--ast-global-color-5)","background-image":"","background-repeat":"repeat","background-position":"center center","background-size":"auto","background-attachment":"scroll","background-type":"","background-media":"","overlay-type":"","overlay-color":"","overlay-opacity":"","overlay-gradient":""},"tablet":{"background-color":"var(--ast-global-color-5)","background-image":"","background-repeat":"repeat","background-position":"center center","background-size":"auto","background-attachment":"scroll","background-type":"","background-media":"","overlay-type":"","overlay-color":"","overlay-opacity":"","overlay-gradient":""},"mobile":{"background-color":"var(--ast-global-color-5)","background-image":"","background-repeat":"repeat","background-position":"center center","background-size":"auto","background-attachment":"scroll","background-type":"","background-media":"","overlay-type":"","overlay-color":"","overlay-opacity":"","overlay-gradient":""}},"footnotes":""},"class_list":["post-230","page","type-page","status-publish","hentry"],"uagb_featured_image_src":{"full":false,"thumbnail":false,"medium":false,"medium_large":false,"large":false,"1536x1536":false,"2048x2048":false},"uagb_author_info":{"display_name":"admin","author_link":"https:\/\/www.agbud-gladczak.pl\/?author=1"},"uagb_comment_info":0,"uagb_excerpt":"Oferta Kostka brukowa Trwa\u0142e i estetyczne rozwi\u0105zanie dla Twojej posesji. Oferujemy r\u00f3\u017cnorodne wzory i kolory, kt\u00f3re pozwol\u0105 Ci stworzy\u0107 unikalne aran\u017cacje ogrodowe, podjazdy i chodniki. Postaw na jako\u015b\u0107 i funkcjonalno\u015b\u0107 Obrze\u017ca, palisady, \u015bciany Solidne elementy wyko\u0144czeniowe, kt\u00f3re dodadz\u0105 charakteru i trwa\u0142o\u015bci Twoim projektom. Idealne do ogrod\u00f3w, podjazd\u00f3w i taras\u00f3w, zapewniaj\u0105 estetyk\u0119 oraz funkcjonalno\u015b\u0107 na lata.&hellip;","jetpack_sharing_enabled":true,"_links":{"self":[{"href":"https:\/\/www.agbud-gladczak.pl\/index.php?rest_route=\/wp\/v2\/pages\/230","targetHints":{"allow":["GET"]}}],"collection":[{"href":"https:\/\/www.agbud-gladczak.pl\/index.php?rest_route=\/wp\/v2\/pages"}],"about":[{"href":"https:\/\/www.agbud-gladczak.pl\/index.php?rest_route=\/wp\/v2\/types\/page"}],"author":[{"embeddable":true,"href":"https:\/\/www.agbud-gladczak.pl\/index.php?rest_route=\/wp\/v2\/users\/1"}],"replies":[{"embeddable":true,"href":"https:\/\/www.agbud-gladczak.pl\/index.php?rest_route=%2Fwp%2Fv2%2Fcomments&post=230"}],"version-history":[{"count":68,"href":"https:\/\/www.agbud-gladczak.pl\/index.php?rest_route=\/wp\/v2\/pages\/230\/revisions"}],"predecessor-version":[{"id":3149,"href":"https:\/\/www.agbud-gladczak.pl\/index.php?rest_route=\/wp\/v2\/pages\/230\/revisions\/3149"}],"wp:attachment":[{"href":"https:\/\/www.agbud-gladczak.pl\/index.php?rest_route=%2Fwp%2Fv2%2Fmedia&parent=230"}],"curies":[{"name":"wp","href":"https:\/\/api.w.org\/{rel}","templated":true}]}}